{"id":169,"date":"2023-10-02T03:40:16","date_gmt":"2023-10-02T03:40:16","guid":{"rendered":"https:\/\/westlife.com.br\/site\/?page_id=169"},"modified":"2023-10-02T03:40:16","modified_gmt":"2023-10-02T03:40:16","slug":"westlife-no-brasil-em-2024-tudo-o-que-voce-precisa-saber-sobre-o-show","status":"publish","type":"page","link":"https:\/\/westlife.com.br\/site\/westlife-no-brasil-em-2024-tudo-o-que-voce-precisa-saber-sobre-o-show\/","title":{"rendered":"WESTLIFE NO BRASIL EM 2024: Tudo o que voc\u00ea precisa saber sobre o show"},"content":{"rendered":"<div class=\"wp-block-image\">\n<figure class=\"aligncenter size-large is-resized\"><img loading=\"lazy\" decoding=\"async\" src=\"https:\/\/images2.imgbox.com\/66\/a1\/eC1zUjN3_o.png\" alt=\"\" style=\"width:691px;height:389px\" width=\"691\" height=\"389\"\/><\/figure><\/div>\n\n\n<p>Reunimos em um \u00fanico post tudo o que voc\u00ea <strong>precisa<\/strong> saber sobre a vinda do <strong>Westlife no Brasil<\/strong>, com a <strong>&#8220;The Wild Dreams Tour&#8221;<\/strong>, sua turn\u00ea mundial.<\/p>\n\n\n\n<p><\/p>\n\n\n\n<p>Para auxiliar os f\u00e3s com as poss\u00edveis d\u00favidas, resolvemos abrir um <strong>FAQ<\/strong> com as quest\u00f5es recorrentes. Aqui voc\u00ea pode encontrar as informa\u00e7\u00f5es que voc\u00ea precisa a respeito do \u00fanico show do <strong>Westlife no Brasil!<\/strong><\/p>\n\n\n\n<p>Caso a sua d\u00favida n\u00e3o seja respondia, sem p\u00e2nico! N\u00f3s n\u00e3o sabemos de tudo e pode ser que falte alguma coisa ali ou aqui. Por tanto,  pedimos por gentileza que entre em contato direto ao canal oficial da produ\u00e7\u00e3o do show s\u00e3o eles: <strong><a href=\"http:\/\/instagram.com\/livenationbr\" target=\"_blank\" rel=\"noreferrer noopener\">@livenationbr<\/a><\/strong>, <strong><a href=\"http:\/\/instagram.com\/ticketmasterbr\" target=\"_blank\" rel=\"noreferrer noopener\">@ticketmaterbr<\/a><\/strong> ou <strong><a href=\"http:\/\/instagram.com\/espacounimde\" target=\"_blank\" rel=\"noreferrer noopener\">@espacounimed<\/a><\/strong>.<\/p>\n\n\n\n<p class=\"has-text-align-center\"><strong>LEMBRETE IMPORTANTE:<\/strong><\/p>\n\n\n\n<p>Essa publica\u00e7\u00e3o ser\u00e1 atualizada imediatamente caso alguma informa\u00e7\u00e3o mude no futuro. Para se manter 100% atualizado, <strong>siga<\/strong> o Westlife Brasil nas redes sociais -&gt; <a href=\"http:\/\/instagram.com\/westlifebrasil\" target=\"_blank\" rel=\"noreferrer noopener\">instagram<\/a> \/ <a href=\"http:\/\/twitter.com\/westlifebrasil\" target=\"_blank\" rel=\"noreferrer noopener\">twitter<\/a> \/ <a href=\"http:\/\/facebook.com\/westlifebrasil\" target=\"_blank\" rel=\"noreferrer noopener\">facebook<\/a> \/ <a href=\"http:\/\/facebook.com\/groups\/westlifestbr\" target=\"_blank\" rel=\"noreferrer noopener\">facebook grupo<\/a> \/ <a href=\"https:\/\/t.me\/westlifebrasil\" target=\"_blank\" rel=\"noreferrer noopener\">telegram<\/a><\/p>\n\n\n\n<hr class=\"wp-block-separator has-text-color has-white-color has-alpha-channel-opacity has-white-background-color has-background\"\/>\n\n\n\n<p class=\"has-text-align-center\"><strong>SOBRE O SHOW<\/strong><\/p>\n\n\n\n<p>O show da <strong>&#8220;The Wild Dreams Tour&#8221;<\/strong> \u00e9 uma encantadora releitura de todos os sucessos da banda dos dias iniciais at\u00e9 o \u00faltimo \u00e1lbum lan\u00e7ado em 2021, entitulado <strong>&#8216;Wild Dreams&#8217;<\/strong>. A tour come\u00e7ou em 2022 incluindo a sua terra natal Irlanda, Reino Unido, \u00c1sia e entre outros e assim continuando ao redor do mundo em 2023 e tamb\u00e9m extendendo a tour at\u00e9 2024.<\/p>\n\n\n\n<p>O show dura em torno de 1h:45m &#8211; 2h, dependendo da vibe do p\u00fablico. Garantimos a emo\u00e7\u00e3o e a felicidade em poder ter a chance de ver a boyband irlandesa mais querida desse mundo todo ao vivo.<\/p>\n\n\n\n<p><strong>SET LIST DAS M\u00daSICAS (tour da China &#8211; SET\/2023)<\/strong><\/p>\n\n\n\n<p><em>Sobre a setlist: Eles est\u00e3o variando entre os continentes. Essa setlist \u00e9 somente para se basear nela. Por tanto a setlist poder\u00e1 sofrer altera\u00e7\u00f5es at\u00e9 o show daqui.<\/em><\/p>\n\n\n<div class=\"wp-block-image\">\n<figure class=\"aligncenter size-large is-resized\"><img loading=\"lazy\" decoding=\"async\" src=\"https:\/\/images2.imgbox.com\/1e\/53\/2HbqKsep_o.png\" alt=\"\" style=\"width:372px;height:422px\" width=\"372\" height=\"422\"\/><\/figure><\/div>\n\n\n<hr class=\"wp-block-separator has-text-color has-white-color has-alpha-channel-opacity has-white-background-color has-background\"\/>\n\n\n\n<p class=\"has-text-align-center\"><strong>INFORMA\u00c7\u00d5ES GERAIS<\/strong><\/p>\n\n\n\n<p>-&gt; Onde ser\u00e1 o Show?<br>Resp.: Na casa de shows <strong><em>&#8220;ESPA\u00c7O UNIMED&#8221;<\/em><\/strong><br>-&gt; Qual cidade ser\u00e1 o show?<br>Resp.: <strong><em>&#8220;S\u00c3O PAULO &#8211; CAPITAL&#8221;<\/em><\/strong><br>-&gt; Qual \u00e9 o dia do show?<br>Resp.: <strong><em>&#8220;24 DE MAR\u00c7O DE 2024&#8221; <\/em><\/strong>(domingo)<\/p>\n\n\n\n<hr class=\"wp-block-separator has-text-color has-white-color has-alpha-channel-opacity has-white-background-color has-background\"\/>\n\n\n\n<p><br><\/p>\n\n\n\n<p class=\"has-text-align-center\"><strong>INGRESSOS E VENDAS<\/strong><\/p>\n\n\n\n<p>Os ingressos est\u00e3o sendo vendidos pelo site da <strong><em><a href=\"https:\/\/www.ticketmaster.com.br\/\">TICKETMASTER BRASIL<\/a><\/em><\/strong><\/p>\n\n\n\n<h2 class=\"wp-block-heading has-text-align-center\"><a href=\"https:\/\/www.ticketmaster.com.br\/event\/westlife?utm_source=westlifebrasil&amp;utm_medium=post&amp;utm_campaign=westlife\" target=\"_blank\" rel=\"noreferrer noopener\"><strong><mark style=\"background-color:#f4b1c2\" class=\"has-inline-color\">CLIQUE NO LINK DIRETO PARA VENDA DOS INGRESSOS AQUI<\/mark><\/strong><\/a><\/h2>\n\n\n<div class=\"wp-block-image\">\n<figure class=\"aligncenter size-large is-resized\"><img loading=\"lazy\" decoding=\"async\" src=\"https:\/\/images2.imgbox.com\/3b\/ca\/JJGRv04K_o.jpg\" alt=\"\" style=\"width:707px;height:707px\" width=\"707\" height=\"707\"\/><\/figure><\/div>\n\n\n<p>-&gt; Quantos ingressos podem ser comprados por <strong>CPF <\/strong>(cadastro)?<br>Resp.: <strong><em>Clientes podem comprar at\u00e9 06 ingressos, sendo 02 meias-entradas.<\/em><\/strong><\/p>\n\n\n\n<p>O funcionamento da bilheteria presencial<br><strong>ESPA\u00c7O UNIMED<\/strong><br><strong>LOCAL:<\/strong> Rua Tagipuru, 795 Barra Funda S\u00e3o Paulo &#8211; SP<\/p>\n\n\n\n<p><strong>Hor\u00e1rio de Funcionamento:<\/strong> Segunda a Sexta das 10:00hs \u00e0s 18:00hs e S\u00e1bado das 10:00hs \u00e0s 14:00hs.<br><em>(a bilheteria n\u00e3o funciona aos Domingos e feriados e tamb\u00e9m em dias de shows n\u00e3o h\u00e1 atendimento, confira a programa\u00e7\u00e3o do local).<\/em><\/p>\n\n\n\n<p><strong>Compra Presencial (na bilhereria)<\/strong><br>Sem taxa de servi\u00e7o.<br>Pontos de venda &#8211; SP: bilheteria do Espa\u00e7o Unimed<br>Formas de pagamento: dinheiro, cart\u00e3o de d\u00e9bito ou cr\u00e9dito<\/p>\n\n\n\n<p><strong>Compra Online (no site da ticketmaster)<\/strong><br>Inclui a taxa de servi\u00e7o de 20%<br>Todos os cart\u00f5es de cr\u00e9dito em at\u00e9 10 parcelas, sendo em at\u00e9 03 parcelas sem juros e PIX \u00e0 vista.<\/p>\n\n\n\n<p><\/p>\n\n\n\n<p><strong>[Documenta\u00e7\u00e3o necess\u00e1ria para comprova\u00e7\u00f5es das respectivas entradas]<\/strong><br>Para comprar seu ingresso presencialmente ou comprovar os seus benef\u00edcios na hora da entrada no dia do show, confira a documenta\u00e7\u00e3o necess\u00e1ria:<\/p>\n\n\n\n<p><strong>Ingresso Inteira -&gt;<\/strong> RG<br><strong>Ingresso Meia idoso -&gt;<\/strong> RG<br><strong>Ingresso Meia de estudante -&gt;<\/strong> RG e carteirinha de estudante v\u00e1lida<br><strong>Ingresso Benef\u00edcio Unimed -&gt;<\/strong> RG e carteirinha do plano de sa\u00fade<\/p>\n\n\n\n<hr class=\"wp-block-separator has-text-color has-white-color has-alpha-channel-opacity has-white-background-color has-background\"\/>\n\n\n\n<p class=\"has-text-align-center\"><strong>MAPA DO SHOW <\/strong><\/p>\n\n\n<div class=\"wp-block-image\">\n<figure class=\"aligncenter size-large is-resized\"><img loading=\"lazy\" decoding=\"async\" src=\"https:\/\/images2.imgbox.com\/06\/9d\/g8gWg9eI_o.png\" alt=\"\" style=\"width:633px;height:446px\" width=\"633\" height=\"446\"\/><\/figure><\/div>\n\n\n<p><\/p>\n\n\n\n<hr class=\"wp-block-separator has-text-color has-white-color has-alpha-channel-opacity has-white-background-color has-background\"\/>\n\n\n\n<h1 class=\"wp-block-heading has-text-align-center\">D\u00daVIDAS FREQUENTES DOS F\u00c3S<\/h1>\n\n\n\n<hr class=\"wp-block-separator has-text-color has-white-color has-alpha-channel-opacity has-white-background-color has-background is-style-dots\"\/>\n\n\n\n<details class=\"wp-block-details is-layout-flow wp-block-details-is-layout-flow\"><summary>O ingresso \u00e9 nominal?<\/summary>\n<p>N\u00e3o. O ingresso tanto comprado presencialmente, quanto online, tem o nome da pessoa impresso no mesmo e isso n\u00e3o ser\u00e1 impendimento para entrada no evento. E em caso de meia-entrada, s\u00f3 dever\u00e1 ser apresentado o devido comprovante para entrar no show.<\/p>\n\n\n\n<p><\/p>\n\n\n\n<p><\/p>\n\n\n\n<p><\/p>\n\n\n\n<p><\/p>\n<\/details>\n\n\n\n<div style=\"height:15px\" aria-hidden=\"true\" class=\"wp-block-spacer\"><\/div>\n\n\n\n<div style=\"height:0px\" aria-hidden=\"true\" class=\"wp-block-spacer\"><\/div>\n\n\n\n<details class=\"wp-block-details is-layout-flow wp-block-details-is-layout-flow\"><summary>Como ser\u00e1 a entrega do ingresso comprado online?<\/summary>\n<p>O ingresso comprado online ser\u00e1 exclusivamente em formato digital e mais pr\u00f3ximo a data do evento, a Ticketmaster ir\u00e1 notificar no seu email de cadastro a disponibilidade do seu ingresso no aplicativo <strong>QUENTRO<\/strong>, o mesmo aplicativo usado para a entrada do festival The Town em S\u00e3o Paulo em 2023. Por tanto mantenha os seus dados sempre atualizados no site da Ticketmaster e j\u00e1 baixa o aplicativo <strong>QUENTRO<\/strong> nas devidas lojas de app. -&gt; ( baixe aqui -&gt; <a rel=\"noreferrer noopener\" href=\"https:\/\/play.google.com\/store\/apps\/details?id=com.getcrowder.quentro\" target=\"_blank\"><strong>ANDROID<\/strong><\/a> ou <a rel=\"noreferrer noopener\" href=\"https:\/\/apps.apple.com\/br\/app\/quentro\/id1446088511\" target=\"_blank\"><strong>APPLE STORE<\/strong><\/a> ). Confira tamb\u00e9m esse -&gt; <strong><a rel=\"noreferrer noopener\" href=\"https:\/\/www.techtudo.com.br\/dicas-e-tutoriais\/2023\/08\/como-transferir-o-ingresso-do-the-town-usando-o-app-quentro-edapps.ghtml\" data-type=\"link\" data-id=\"https:\/\/www.techtudo.com.br\/dicas-e-tutoriais\/2023\/08\/como-transferir-o-ingresso-do-the-town-usando-o-app-quentro-edapps.ghtml\" target=\"_blank\">TUTORIAL<\/a> <\/strong>do site Techtudo de como pode ser baixado os ingressos no aplicativo.<\/p>\n\n\n\n<p><\/p>\n\n\n\n<p><\/p>\n<\/details>\n\n\n\n<div style=\"height:15px\" aria-hidden=\"true\" class=\"wp-block-spacer\"><\/div>\n\n\n\n<details class=\"wp-block-details is-layout-flow wp-block-details-is-layout-flow\"><summary>Sou menor de idade, posso ir ao show?<\/summary>\n<p>Sim. A classifica\u00e7\u00e3o do show \u00e9 de 16 anos. Menores de 16 anos, apenas acompanhados dos pais ou respons\u00e1veis ou carregando autoriza\u00e7\u00e3o com assinatura firmada em cart\u00f3rio.<\/p>\n<\/details>\n\n\n\n<div style=\"height:15px\" aria-hidden=\"true\" class=\"wp-block-spacer\"><\/div>\n\n\n\n<details class=\"wp-block-details is-layout-flow wp-block-details-is-layout-flow\"><summary>Posso levar crian\u00e7a ao show?<\/summary>\n<p>Sim pode, a idade m\u00ednima permitida \u00e9 de 06 anos em diante. Pessoas de 06 a 15 anos somente acompanhada dos pais ou respons\u00e1veis.<\/p>\n<\/details>\n\n\n\n<div style=\"height:15px\" aria-hidden=\"true\" class=\"wp-block-spacer\"><\/div>\n\n\n\n<details class=\"wp-block-details is-layout-flow wp-block-details-is-layout-flow\"><summary>Posso parcelar o ingresso em quantas vezes?<\/summary>\n<p>Os ingressos podem ser parcelados em at\u00e9 10 vezes, sendo 3 vezes sem juros.<\/p>\n<\/details>\n\n\n\n<div style=\"height:15px\" aria-hidden=\"true\" class=\"wp-block-spacer\"><\/div>\n\n\n\n<details class=\"wp-block-details is-layout-flow wp-block-details-is-layout-flow\"><summary>Quem tem o benef\u00edcio da meia-entrada?<\/summary>\n<p>Em todo o territ\u00f3rio nacional, pagam meia-entrada: estudantes da rede p\u00fablica e privada, jovens inscritos no CAD\u00daunico(baixa renda), pessoa com defici\u00eancia f\u00edsica, maiores de 60 anos.<br>Em S\u00e3o Paulo, pagam meia-entrada tamb\u00e9m: Professores, diretores, coordenadores pedag\u00f3gicos e surpervisores de escolas municipais e estaduais de SP. Quem tem a titularidade da carteirinha de qualquer plano de sa\u00fade Unimed.<br><br>ATEN\u00c7\u00c3O: As meias-entradas devem ser acompanhadas pela devida comprova\u00e7\u00e3o do benef\u00edcio.<\/p>\n\n\n\n<p><\/p>\n<\/details>\n\n\n\n<div style=\"height:15px\" aria-hidden=\"true\" class=\"wp-block-spacer\"><\/div>\n\n\n\n<details class=\"wp-block-details is-layout-flow wp-block-details-is-layout-flow\"><summary>Posso comprar a meia-entrada presencialmente no lugar de outra pessoa?<\/summary>\n<p>Sim! No momento da compra presencial, outra pessoa poder\u00e1 realizar a compra a meia-entrada por voc\u00ea, desde que leve a sua carteirinha de estudante como comprova\u00e7\u00e3o. Isso porque a comprova\u00e7\u00e3o com carteirinha ser\u00e1 necess\u00e1ria tanto na hora de efetuar a compra na bilheteria quanto na hora de entrar no show.<\/p>\n<\/details>\n\n\n\n<div style=\"height:15px\" aria-hidden=\"true\" class=\"wp-block-spacer\"><\/div>\n\n\n\n<details class=\"wp-block-details is-layout-flow wp-block-details-is-layout-flow\"><summary>Quais s\u00e3o as formas de pagamento?<\/summary>\n<p>Online &#8211; Apenas cart\u00e3o de cr\u00e9dito<br>Presencialmente &#8211; Dinheiro e cart\u00e3o de cr\u00e9dito ou d\u00e9bito.<\/p>\n<\/details>\n\n\n\n<div style=\"height:15px\" aria-hidden=\"true\" class=\"wp-block-spacer\"><\/div>\n\n\n\n<details class=\"wp-block-details is-layout-flow wp-block-details-is-layout-flow\"><summary>Quais objetos eu n\u00e3o posso levar aos shows?<\/summary>\n<p>C\u00e2mera fotogr\u00e1fica profissional ou semi profissional (c\u00e2meras grandes com zoom externo ou que trocam de lente), filmadoras de v\u00eddeo, gravadores de audio, canetas laser, qualquer tipo de trip\u00e9, pau de selfie, camisas de time, correntes e cintur\u00f5es, garrafas pl\u00e1sticas, bebidas alc\u00f3olicas, subst\u00e2ncias t\u00f3xicas, fogos de artif\u00edcio, inflam\u00e1veis em geral, objetos que possam causar ferimentos, armas de fogo, armas brancas, copos de vidro e vidros em geral, frutas inteiras, latas de alum\u00ednio, guarda-chuva, jornais, revistas, bandeiras e faixas, capacetes de motos e similares.<\/p>\n\n\n\n<p><\/p>\n<\/details>\n\n\n\n<div style=\"height:15px\" aria-hidden=\"true\" class=\"wp-block-spacer\"><\/div>\n\n\n\n<details class=\"wp-block-details is-layout-flow wp-block-details-is-layout-flow\"><summary>Haver\u00e1 assentos marcados?<\/summary>\n<p>Sim. Apenas no setor de camarotes. O restante dos setores \u00e9 totalmente em p\u00e9.<\/p>\n<\/details>\n\n\n\n<div style=\"height:15px\" aria-hidden=\"true\" class=\"wp-block-spacer\"><\/div>\n\n\n\n<details class=\"wp-block-details is-layout-flow wp-block-details-is-layout-flow\"><summary>Haver\u00e1 show de abertura?<\/summary>\n<p>Sim. Na descri\u00e7\u00e3o do servi\u00e7o que est\u00e1 na p\u00e1gina oficial da ticketmaster sobre o evento, est\u00e1 indicado que haver\u00e1 sim show de abertura, mas at\u00e9 o momento n\u00e3o foi anunciado nenhum artista(nacional ou internacional) para realizar esse show de abertura.<\/p>\n\n\n\n<p><\/p>\n<\/details>\n\n\n\n<div style=\"height:15px\" aria-hidden=\"true\" class=\"wp-block-spacer\"><\/div>\n\n\n\n<details class=\"wp-block-details is-layout-flow wp-block-details-is-layout-flow\"><summary>Haver\u00e1 Meet &amp; Greet?<\/summary>\n<p>A banda infelizmente N\u00c3O realiza &#8216;meet &amp; greet&#8217; nos shows e tamb\u00e9m N\u00c3O oferece uma &#8216;experi\u00eancia VIP&#8217; desses famosos pacotes de &#8216;meet + sound check&#8217;. A banda costuma &#8220;encontrar&#8221; sim com os f\u00e3s, por\u00e9m super casualmente por ai e s\u00e3o acess\u00edveis. Mas a banda n\u00e3o possui nem o famoso &#8216;f\u00e3-clube oficial pago&#8217; para ter esses pacotes dentro dos shows oficiais.<\/p>\n<\/details>\n\n\n\n<div style=\"height:15px\" aria-hidden=\"true\" class=\"wp-block-spacer\"><\/div>\n\n\n\n<details class=\"wp-block-details is-layout-flow wp-block-details-is-layout-flow\"><summary>Que horas abrem os port\u00f5es?<\/summary>\n<p>Os port\u00f5es abrem -&gt; 19:00hs<\/p>\n<\/details>\n\n\n\n<div style=\"height:15px\" aria-hidden=\"true\" class=\"wp-block-spacer\"><\/div>\n\n\n\n<details class=\"wp-block-details is-layout-flow wp-block-details-is-layout-flow\"><summary>Que horas ser\u00e3o os shows de abertura e a banda principal?<\/summary>\n<p>Show de abertura -&gt; 20:00hs<br>Show do Westlife -&gt; come\u00e7a pontualmente \u00e0s 21:00hs<\/p>\n<\/details>\n\n\n\n<div style=\"height:15px\" aria-hidden=\"true\" class=\"wp-block-spacer\"><\/div>\n\n\n\n<details class=\"wp-block-details is-layout-flow wp-block-details-is-layout-flow\"><summary>Onde encontro grupos de f\u00e3s para me juntar?<\/summary>\n<p>Voc\u00ea pode acessar e seguir o nosso INSTAGRAM &#8211; <strong><a href=\"http:\/\/instagram.com\/westlifebrasil\" target=\"_blank\" rel=\"noreferrer noopener\">@westlifebrasil<\/a><\/strong> &#8211; e nos nossos destaques estamos divulgando os grupos de f\u00e3s no Whats App e no Telegram tamb\u00e9m. Temos tamb\u00e9m o nosso grupo de f\u00e3s no Facebook &#8211; acesse clicando <strong><a href=\"http:\/\/facebook.com\/groups\/westlifestbr\" target=\"_blank\" rel=\"noreferrer noopener\">AQUI.<\/a><\/strong> <\/p>\n<\/details>\n\n\n\n<p><\/p>\n\n\n\n<div style=\"height:15px\" aria-hidden=\"true\" class=\"wp-block-spacer\"><\/div>\n","protected":false},"excerpt":{"rendered":"<p>Reunimos em um \u00fanico post tudo o que voc\u00ea precisa saber sobre a vinda do Westlife no Brasil, com a &#8220;The Wild Dreams Tour&#8221;, sua turn\u00ea mundial. Para auxiliar os f\u00e3s com as poss\u00edveis d\u00favidas, resolvemos abrir um FAQ com as quest\u00f5es recorrentes. Aqui voc\u00ea pode encontrar as informa\u00e7\u00f5es que voc\u00ea precisa a respeito do [&hellip;]<\/p>\n","protected":false},"author":1,"featured_media":0,"parent":0,"menu_order":0,"comment_status":"open","ping_status":"closed","template":"","meta":{"footnotes":""},"_links":{"self":[{"href":"https:\/\/westlife.com.br\/site\/wp-json\/wp\/v2\/pages\/169"}],"collection":[{"href":"https:\/\/westlife.com.br\/site\/wp-json\/wp\/v2\/pages"}],"about":[{"href":"https:\/\/westlife.com.br\/site\/wp-json\/wp\/v2\/types\/page"}],"author":[{"embeddable":true,"href":"https:\/\/westlife.com.br\/site\/wp-json\/wp\/v2\/users\/1"}],"replies":[{"embeddable":true,"href":"https:\/\/westlife.com.br\/site\/wp-json\/wp\/v2\/comments?post=169"}],"version-history":[{"count":72,"href":"https:\/\/westlife.com.br\/site\/wp-json\/wp\/v2\/pages\/169\/revisions"}],"predecessor-version":[{"id":241,"href":"https:\/\/westlife.com.br\/site\/wp-json\/wp\/v2\/pages\/169\/revisions\/241"}],"wp:attachment":[{"href":"https:\/\/westlife.com.br\/site\/wp-json\/wp\/v2\/media?parent=169"}],"curies":[{"name":"wp","href":"https:\/\/api.w.org\/{rel}","templated":true}]}}